{"id":5391,"date":"2023-09-18T06:03:56","date_gmt":"2023-09-18T06:03:56","guid":{"rendered":"https:\/\/alunagode.si\/o-piskotkih\/"},"modified":"2023-09-19T07:41:17","modified_gmt":"2023-09-19T07:41:17","slug":"informazioni-sui-cookie","status":"publish","type":"page","link":"https:\/\/protherm.webis.si\/it\/informazioni-sui-cookie\/","title":{"rendered":"Informazioni sui cookie"},"content":{"rendered":"\n<p><strong>Cosa sono i cookies?<\/strong><\/p>\n\n\n\n<p>I cookies sono piccoli file testuali che ci informano su quante volte un visitatore visita il nostro sito e cosa \u00e8 di suo interesse durante queste visite. I cookies non contengono alcuni dati di per se stessi. Hai sempre la possibilit\u00e0 di accettare o rifiutare i cookies. La loro conservazione \u00e8 sotto il completo controllo del browser utilizzato dall&#8217;utente.<\/p>\n\n\n\n<p>I cookies solo piccoli file che i siti visitati inviano verso il tuo computer, e ci vengono conservati sopra. I cookies vengono conservati nella cartella file del browser web. Alla prossima visita del sito, il browser legge un cookie e fornisce informazioni al sito o su un\u2019altra voce che istruisce il cookie.<\/p>\n\n\n\n<p><strong>A cosa servono i cookies?<\/strong><\/p>\n\n\n\n<p>I cookies sono essenziali per fornire servizi on-line userfriendly. Molte funzioni di e-commerce non sarebbero possibili senza i cookies. Forniscono un\u2019interazione pi\u00f9 rapida e pi\u00f9 semplice fra l\u2019utente web ed il sito web. Con il loro aiuto, il sito web si ricorda le preferenze e le esperienze dell\u2019individuo, risparmiando perci\u00f2 tempo e rendendo la navigazione web pi\u00f9 efficace e godibile.<\/p>\n\n\n\n<p><strong>Perch\u00e9 i siti web usano i cookies?<\/strong><\/p>\n\n\n\n<p>I cookies vengono utilizzati sui siti web per mantenere un contenuto fresco e appropriato che sia in linea con gli interessi e le preferenze di un particolare utente web. Ci sono diversi motivi per usare i cookies. Prima di tutto, hanno l\u2019abilit\u00e0 di conservare informazioni sullo stato di un particolare sito web (dettagli della personalizzazione di un particolare sito web), aiutano con l\u2019implementazione di vari servizi on-line (negozi on-line), aiutano a raccogliere varie statistiche sulle abitudini dell\u2019utente web &#8211; solo con i cookies \u00e8 possibile monitorare la frequenza con cui un certo utente visita un particolare sito.<\/p>\n\n\n\n<p>Usando i cookies, le attivit\u00e0 commerciali possono valutare l\u2019efficacia del design del proprio sito web, cos\u00ec come la rilevanza del tipo e del numero di inserzioni pubblicitarie che offrono agli utenti sui propri siti.<\/p>\n\n\n\n<p><strong>Disattivare i Cookies:<\/strong><\/p>\n\n\n\n<p>Hai libera scelta per decidere se vuoi consentire il salvataggio dei cookies sul tuo computer o no. Puoi controllare e modificare l\u2019impostazione dei cookies utilizzando le impostazioni del browser web. Per le informazioni sulle impostazioni dei cookies, seleziona il browser web che stai utilizzando.&nbsp;<\/p>\n\n\n\n<figure class=\"wp-block-table\"><table><tbody><tr><td><a href=\"http:\/\/windows.microsoft.com\/sl-si\/windows-vista\/block-or-allow-cookies\" target=\"_blank\" rel=\"noreferrer noopener\">Internet explorer<\/a><\/td><td><a href=\"https:\/\/support.mozilla.org\/sl\/kb\/Kako%20aktivirate%20in%20deaktivirate%20pi%C5%A1kote\" target=\"_blank\" rel=\"noreferrer noopener\">Mozilla Firefox<\/a><\/td><td><a href=\"https:\/\/support.google.com\/chrome\/answer\/95647?hl=sl-sl&amp;p=cpn_cookies\" target=\"_blank\" rel=\"noreferrer noopener\">Chrome<\/a><\/td><td><a href=\"http:\/\/www.opera.com\/help\/tutorials\/security\/privacy\/\" target=\"_blank\" rel=\"noreferrer noopener\">Opera<\/a><\/td><td><a href=\"https:\/\/support.apple.com\/kb\/PH11920\" target=\"_blank\" rel=\"noreferrer noopener\">Safari<\/a><\/td><\/tr><\/tbody><\/table><\/figure>\n\n\n\n<p><strong>Tutti i cookies funzionano allo stesso modo?<\/strong><strong><\/strong><\/p>\n\n\n\n<p>No! Ci sono diversi tipi di cookie impiegati per scopi differenti. I cookies variano per funzionalit\u00e0, orario in cui possono essere usati e client che installano.<\/p>\n\n\n\n<p>Se disattivi I cookies, alcune delle opzioni della pagina web potrebbero venire disabilitate. Anche quando disattivi tutti i cookies, il browser \u00e8 comunque in grado di recuperare alcune informazioni. Queste informazioni sono necessarie per le operazioni di base del nostro sito web.<\/p>\n\n\n\n<table class=\"cookies wide-fat\"><thead><tr><td>Cookie Name<\/td><td>Cookie Category<\/td><td>Description<\/td><td>Duration<\/td><\/tr><\/thead><tr><td>wp-wpml_current_language<\/td><td>unknown<\/td><td>unknown<\/td><td>&nbsp;<\/td><\/tr><tr><td>wordpress_<\/td><td>2<\/td><td>WordPress cookie for a logged in user.<\/td><td>session<\/td><\/tr><tr><td>wordpress_logged_in_<\/td><td>2<\/td><td>WordPress cookie for a logged in user<\/td><td>session<\/td><\/tr><tr><td>wordpress_test_<\/td><td>2<\/td><td>WordPress cookie for a logged in user<\/td><td>session<\/td><\/tr><tr><td>wordpress_test_cookie<\/td><td>2<\/td><td>WordPress test cookie<\/td><td>session<\/td><\/tr><tr><td>wp-settings-<\/td><td>1<\/td><td>Wordpress also sets a few wp-settings-[UID] cookies.\nThe number on the end is your individual user ID from the users database table. \nThis is used to customize your view of admin interface, and possibly also the main site interface. \n<\/td><td>1 year<\/td><\/tr><tr><td>wp-settings-time-<\/td><td>2<\/td><td>Wordpress also sets a few wp-settings-{time}-[UID] cookies. The number on the end is your individual user ID from the users database table. This is used to customize your view of admin interface, and possibly also the main site interface.\n<\/td><td>1 year<\/td><\/tr><tr><td>PHPSESSID<\/td><td>1<\/td><td>To identify your unique session on the website<\/td><td>session<\/td><\/tr><tr><td>SESS<\/td><td>1<\/td><td>To ensure that you are recognised when you move from page to page within the site and that any information you have entered is remembered.<\/td><td>session<\/td><\/tr><\/table>\n","protected":false},"excerpt":{"rendered":"<p>Cosa sono i cookies? I cookies sono piccoli file testuali che ci informano su quante volte un visitatore visita il nostro sito e cosa \u00e8 di suo interesse durante queste visite. I cookies non contengono alcuni dati di per se stessi. Hai sempre la possibilit\u00e0 di accettare o rifiutare i cookies. La loro conservazione \u00e8 [&hellip;]<\/p>\n","protected":false},"author":1,"featured_media":0,"parent":0,"menu_order":0,"comment_status":"closed","ping_status":"closed","template":"","meta":{"_acf_changed":false,"footnotes":""},"class_list":["post-5391","page","type-page","status-publish","hentry"],"acf":[],"_links":{"self":[{"href":"https:\/\/protherm.webis.si\/it\/wp-json\/wp\/v2\/pages\/5391","targetHints":{"allow":["GET"]}}],"collection":[{"href":"https:\/\/protherm.webis.si\/it\/wp-json\/wp\/v2\/pages"}],"about":[{"href":"https:\/\/protherm.webis.si\/it\/wp-json\/wp\/v2\/types\/page"}],"author":[{"embeddable":true,"href":"https:\/\/protherm.webis.si\/it\/wp-json\/wp\/v2\/users\/1"}],"replies":[{"embeddable":true,"href":"https:\/\/protherm.webis.si\/it\/wp-json\/wp\/v2\/comments?post=5391"}],"version-history":[{"count":3,"href":"https:\/\/protherm.webis.si\/it\/wp-json\/wp\/v2\/pages\/5391\/revisions"}],"predecessor-version":[{"id":5398,"href":"https:\/\/protherm.webis.si\/it\/wp-json\/wp\/v2\/pages\/5391\/revisions\/5398"}],"wp:attachment":[{"href":"https:\/\/protherm.webis.si\/it\/wp-json\/wp\/v2\/media?parent=5391"}],"curies":[{"name":"wp","href":"https:\/\/api.w.org\/{rel}","templated":true}]}}