{"id":5243,"date":"2023-09-18T06:03:56","date_gmt":"2023-09-18T06:03:56","guid":{"rendered":"https:\/\/alunagode.si\/datenschutz-bestimmungen\/"},"modified":"2023-09-19T08:04:09","modified_gmt":"2023-09-19T08:04:09","slug":"politica-sulla-riservatezza","status":"publish","type":"page","link":"https:\/\/protherm.webis.si\/it\/politica-sulla-riservatezza\/","title":{"rendered":"Politica sulla riservatezza"},"content":{"rendered":"\n<p><strong>Il responsabile dei dati personali<\/strong><\/p>\n\n\n\n<p>Nome ufficiale dell&#8217;azienda: PVC Nagode d.o.o.<br>Indirizzo della sede centrale:\u00a0 Tr\u017ea\u0161ka cesta 87a, 6230 Postojna, Slovenia<\/p>\n\n\n\n<p>Indirizzo e-mail per domande relative alla protezione dei dati personali: salon.po@pvcnagode.si<\/p>\n\n\n\n<p>GDPR o Regolamento generale sulla protezione dei dati \u00e8 il Regolamento (UE) 2016\/679 del Parlamento Europeo e del Consiglio del 27 aprile 2016 sulla protezione delle persone fisiche con riguardo al trattamento dei dati personali, nonch\u00e9 sulla libera circolazione di tali dati . I termini descritti nel GDPR vengono utilizzati anche nella nostra informativa sulla protezione dei dati.<\/p>\n\n\n\n<p><strong>Diritti dell&#8217;utente<\/strong><\/p>\n\n\n\n<p>Potrete esercitare i vostri diritti relativi alla protezione dei dati personali scrivendo all&#8217;indirizzo email salon.po@pvcnagode.si o all&#8217;indirizzo del titolare del trattamento.<\/p>\n\n\n\n<p><strong>I tuoi diritti includono il diritto:<\/strong><\/p>\n\n\n\n<ul class=\"wp-block-list\">\n<li>accedere alle tue informazioni personali;<\/li>\n\n\n\n<li>correggere i tuoi dati personali;<\/li>\n\n\n\n<li>cancellare i tuoi dati personali se non esiste pi\u00f9 una base legale (o un obbligo legale) per conservarli o se ci hai dato il tuo consenso;<\/li>\n\n\n\n<li>limitare i tuoi dati personali (in alcuni casi);<\/li>\n\n\n\n<li>Opporsi \u2013 se il trattamento \u00e8 basato su un interesse legittimo;<\/li>\n\n\n\n<li>per la portabilit\u00e0 &#8211; avviene automaticamente in caso di consenso e trattamento contrattuale o personale.<\/li>\n<\/ul>\n\n\n\n<p>Se ci richiedi di esercitare un diritto dal quale non possiamo identificare in modo affidabile un individuo, potremmo contattarti per verificare la tua identit\u00e0<\/p>\n\n\n\n<p><strong>Modi per presentare un reclamo:<\/strong> Se ritieni che non stiamo esercitando correttamente i tuoi diritti, contattaci prima. Se ci\u00f2 non bastasse, potete presentare un reclamo al Commissario per l&#8217;informazione della Repubblica di Slovenia.\u00a0\u00a0<\/p>\n\n\n\n<h3 class=\"wp-block-heading\"><strong>Modalit\u00e0 e finalit\u00e0 dell&#8217;utilizzo dei dati personali<\/strong><\/h3>\n\n\n\n<h4 class=\"wp-block-heading\"><strong>Quando visiti il \u200b\u200bnostro sito web <\/strong>\u00a0<\/h4>\n\n\n\n<p>Utilizzando il sito l&#8217;utente accetta le regole pubblicate su questo sito. A questo punto l&#8217;utente potr\u00e0 monitorare eventuali modifiche alle Condizioni Generali e, di conseguenza, la natura e le finalit\u00e0 del trattamento dei dati personali raccolti.\u00a0<\/p>\n\n\n\n<p>Quando visiti il \u200b\u200bsito web, il tuo indirizzo IP viene automaticamente salvato fino alla fine della sessione. Questi dati verranno automaticamente cancellati quando il nostro sistema determina che non stai svolgendo alcuna attivit\u00e0 che possa compromettere il funzionamento del nostro sito web. In caso contrario, il tuo indirizzo IP verr\u00e0 memorizzato in modo permanente e il nostro sistema lo inserir\u00e0 in una lista nera, impedendo l&#8217;ulteriore utilizzo del nostro sito web.\u00a0<\/p>\n\n\n\n<p><strong>Base giuridica del trattamento dei dati personali:<\/strong> il titolare del trattamento, sulla base del proprio legittimo interesse (art. 6, comma 1, lett. f), del Regolamento Generale), tratta i dati personali anche per finalit\u00e0 di sicurezza del sito e di prevenzione di attivit\u00e0 illecite (quali hacking, abusi) di password ecc.).\u00a0<\/p>\n\n\n\n<p><strong>Destinatari o categorie di destinatari dei dati personali:<\/strong> il fornitore di hosting del sito web e il fornitore di soluzioni di sicurezza. Gli utenti trattano i dati personali esclusivamente su istruzioni e sotto il controllo del titolare del trattamento, al fine di garantire la sicurezza e la manutenzione del sito web.<\/p>\n\n\n\n<p><strong>Durata della conservazione dei dati personali:<\/strong> al pi\u00f9 tardi alla fine della sessione (regola generale) o in modo permanente (in caso di tentativo di abuso).\u00a0<\/p>\n\n\n\n<p>Non vengono effettuati processi decisionali automatizzati e\/o profilazione.\u00a0<\/p>\n\n\n\n<h4 class=\"wp-block-heading\"><strong>Modulo di contatto o e-mail<\/strong><\/h4>\n\n\n\n<p>Utilizzando il modulo di contatto, accetti che elaboriamo i dati inseriti per determinare l&#8217;interesse per prodotti, servizi e altre soluzioni e che possiamo contattarti tramite il numero di telefono o l&#8217;indirizzo e-mail registrato.\u00a0<\/p>\n\n\n\n<p><strong>Base giuridica del trattamento dei dati personali:<\/strong> il titolare del trattamento, sulla base del proprio legittimo interesse (art. 6, comma 1, lettera f), del Regolamento Generale, tratta i dati personali per finalit\u00e0 di comunicazione al pubblico, misure adottate prima della conclusione del rapporto contratto ai sensi dell&#8217;articolo 6 paragrafo 1 lettera b GDPR (per richieste di persone fisiche) o un interesse legittimo (gestione) ai sensi dell&#8217;articolo 6 paragrafo 1 lettera f GDPR (per richieste di persone giuridiche).\u00a0\u00a0<\/p>\n\n\n\n<p><strong>Destinatari o categorie di destinatari dei dati personali:<\/strong> il fornitore di hosting del sito web e il fornitore di soluzioni di sicurezza. Gli utenti trattano i dati personali esclusivamente su istruzioni e sotto il controllo del titolare del trattamento, al fine di garantire la sicurezza e la manutenzione del sito web.\u00a0<\/p>\n\n\n\n<p><strong>Durata della conservazione dei dati personali:<\/strong> fino al termine della comunicazione o su tua richiesta di interrompere la comunicazione, i tuoi dati personali saranno cancellati (a meno che non vi sia un&#8217;altra base giuridica per il loro ulteriore trattamento (ad esempio un contratto)).\u00a0<\/p>\n\n\n\n<p>L&#8217;utente potr\u00e0 rivolgere specifici quesiti alla societ\u00e0 anche tramite gli indirizzi email pubblicati sul sito, affidando cos\u00ec al titolare del trattamento i dati di cui sopra. Questi vengono utilizzati esclusivamente per risolvere la domanda dell&#8217;utente.<\/p>\n\n\n\n<p>I dati personali che ci fornisci in caso di richiesta verranno ovviamente utilizzati solo per rispondere alla tua richiesta e in nessun caso per marketing diretto. I dati contenuti nel modulo non verranno trasmessi a terzi n\u00e9 utilizzati per scopi diversi da quello del contenuto del messaggio inviato nel modulo di contatto o dalla conclusione di un rapporto commerciale.<\/p>\n\n\n\n<h5 class=\"wp-block-heading\"><strong>Iscriviti alle newsletter elettroniche<\/strong><\/h5>\n\n\n\n<p>Se il sito attualmente lo consente, puoi iscriverti alle e-newsletter per inviarti utili e-news e offerte che speriamo ti piacer\u00e0 leggere.\u00a0\u00a0<\/p>\n\n\n\n<p>Inviamo newsletter solo se ci dai il tuo consenso personale. L&#8217;utente pu\u00f2 in qualsiasi momento richiedere per iscritto all&#8217;indirizzo e-mail fornito all&#8217;inizio di questo documento o facendo clic sul collegamento &#8220;annulla iscrizione&#8221; nella newsletter elettronica che smettiamo permanentemente o temporaneamente di utilizzare i suoi dati personali per questo scopo. La richiesta sar\u00e0 accolta tempestivamente o entro 15 giorni dal ricevimento della richiesta, come previsto dalla legge.\u00a0\u00a0<\/p>\n\n\n\n<p><strong>Base giuridica per il trattamento dei dati personali: <\/strong>consenso personale ai sensi dell&#8217;articolo 6, paragrafo 1, lettera a GDPR.\u00a0<\/p>\n\n\n\n<p><strong>Destinatari o categorie di destinatari dei dati personali:<\/strong> provider di hosting di siti web, provider di posta elettronica, provider ERP. Gli utenti trattano i dati personali esclusivamente su istruzioni e sotto il controllo del titolare del trattamento.<\/p>\n\n\n\n<p><strong>Durata di conservazione dei dati personali:<\/strong> fino alla cancellazione.\u00a0<\/p>\n\n\n\n<h4 class=\"wp-block-heading\"><strong>\u202f<\/strong>Analisi web e marketing<\/h4>\n\n\n\n<p>Utilizzando i cookie e in base al tuo esplicito consenso, possiamo effettuare analisi web e marketing sul sito web. Se ci dai il tuo consenso all&#8217;inserimento di cookie di marketing, potremmo commercializzare i nostri Servizi in base al tuo consenso.<strong>\u00a0<\/strong>\u00a0<\/p>\n\n\n\n<p>Se non si accettano i cookie, alcuni siti Web potrebbero non essere visualizzati correttamente o l&#8217;utente potrebbe non avere accesso a tutte le informazioni o funzioni del sito Web, ma l&#8217;accettazione dei cookie non \u00e8 una condizione per l&#8217;utilizzo del sito Web.<\/p>\n\n\n\n<p>Le informazioni sui cookie e sulle loro impostazioni possono essere trovate in questa pagina. \u00a0<\/p>\n\n\n\n<p><strong>Base giuridica per il trattamento dei dati personali: <\/strong>consenso personale ai sensi dell&#8217;articolo 6, paragrafo 1, lettera a GDPR.<\/p>\n\n\n\n<p><strong>Destinatari o categorie di destinatari dei dati personali:<\/strong> fornitori di hosting di siti web, fornitori di pubblicit\u00e0 (in caso di consenso al marketing)\u00a0<\/p>\n\n\n\n<p><strong>Durata della conservazione dei dati personali:<\/strong> fino all&#8217;interruzione del caricamento (utilizzo) dei cookie.<\/p>\n\n\n\n<h4 class=\"wp-block-heading\">Condivisione dei dati con partner autorizzati<\/h4>\n\n\n\n<p>Utilizziamo i dati personali raccolti esclusivamente per gli scopi sopra menzionati e non li commercializziamo.<\/p>\n\n\n\n<p>Potremmo trasferire i dati personali a partner di fiducia in conformit\u00e0 con la legge applicabile o come obbligo legale. I dati possono essere trasmessi a:\u00a0\u00a0<\/p>\n\n\n\n<ul class=\"wp-block-list\">\n<li>Societ\u00e0 di elaborazione dati e servizi di informazione che garantiscono il buon funzionamento del sito web e il suo miglioramento (hosting del server, ecc.);\u00a0\u00a0<\/li>\n<\/ul>\n\n\n\n<ul class=\"wp-block-list\">\n<li>Istituzioni approvate ove richiesto dalla legge (tribunale, ecc.).<\/li>\n<\/ul>\n\n\n\n<h4 class=\"wp-block-heading\"><strong>Google ReCAPTCHA<\/strong>&nbsp;<\/h4>\n\n\n\n<p>Considerato il legittimo interesse a prevenire spam e abusi sul nostro sito web, utilizziamo anche la funzione reCAPTCHA di Google. Questa caratteristica distingue se l&#8217;immissione \u00e8 effettuata da un essere umano o \u00e8 il risultato di un uso improprio da parte di un processo automatico. Il servizio prevede l&#8217;invio a Google di un indirizzo IP ed eventualmente di altri dati necessari a Google per eseguire il servizio reCAPTCHA. Ulteriori informazioni sulla funzione reCAPTCHA di Google e sull&#8217;informativa sulla privacy di Google sono disponibili all&#8217;indirizzo https:\/\/policies.google.com\/privacy?hl=it\u00a0<\/p>\n\n\n\n<h4 class=\"wp-block-heading\"><strong>Validit\u00e0 della dichiarazione sulla protezione dei dati<\/strong>\u00a0<\/h4>\n\n\n\n<p>Ci riserviamo il diritto di adattare di tanto in tanto la politica sulla privacy alla situazione attuale e alla legislazione in materia di protezione dei dati personali. Le modifiche verranno pubblicate di volta in volta su questo sito. Prima di inviare i tuoi dati personali ti invitiamo a verificare la versione attuale per informarti di eventuali modifiche e integrazioni.<\/p>\n\n\n\n<p>La presente Politica \u00e8 stata pubblicata sul sito Web ed \u00e8 efficace a partire dalla data di pubblicazione.<\/p>\n","protected":false},"excerpt":{"rendered":"<p>Il responsabile dei dati personali Nome ufficiale dell&#8217;azienda: PVC Nagode d.o.o.Indirizzo della sede centrale:\u00a0 Tr\u017ea\u0161ka cesta 87a, 6230 Postojna, Slovenia Indirizzo e-mail per domande relative alla protezione dei dati personali: salon.po@pvcnagode.si GDPR o Regolamento generale sulla protezione dei dati \u00e8 il Regolamento (UE) 2016\/679 del Parlamento Europeo e del Consiglio del 27 aprile 2016 sulla [&hellip;]<\/p>\n","protected":false},"author":1,"featured_media":0,"parent":0,"menu_order":0,"comment_status":"closed","ping_status":"closed","template":"","meta":{"_acf_changed":false,"footnotes":""},"class_list":["post-5243","page","type-page","status-publish","hentry"],"acf":[],"_links":{"self":[{"href":"https:\/\/protherm.webis.si\/it\/wp-json\/wp\/v2\/pages\/5243","targetHints":{"allow":["GET"]}}],"collection":[{"href":"https:\/\/protherm.webis.si\/it\/wp-json\/wp\/v2\/pages"}],"about":[{"href":"https:\/\/protherm.webis.si\/it\/wp-json\/wp\/v2\/types\/page"}],"author":[{"embeddable":true,"href":"https:\/\/protherm.webis.si\/it\/wp-json\/wp\/v2\/users\/1"}],"replies":[{"embeddable":true,"href":"https:\/\/protherm.webis.si\/it\/wp-json\/wp\/v2\/comments?post=5243"}],"version-history":[{"count":3,"href":"https:\/\/protherm.webis.si\/it\/wp-json\/wp\/v2\/pages\/5243\/revisions"}],"predecessor-version":[{"id":5403,"href":"https:\/\/protherm.webis.si\/it\/wp-json\/wp\/v2\/pages\/5243\/revisions\/5403"}],"wp:attachment":[{"href":"https:\/\/protherm.webis.si\/it\/wp-json\/wp\/v2\/media?parent=5243"}],"curies":[{"name":"wp","href":"https:\/\/api.w.org\/{rel}","templated":true}]}}