{"id":7518,"date":"2025-12-19T12:51:55","date_gmt":"2025-12-19T11:51:55","guid":{"rendered":"https:\/\/protherm.webis.si\/ueber-uns\/"},"modified":"2026-01-08T15:39:31","modified_gmt":"2026-01-08T14:39:31","slug":"ueber-uns","status":"publish","type":"page","link":"https:\/\/protherm.webis.si\/de\/ueber-uns\/","title":{"rendered":"\u00dcber uns"},"content":{"rendered":"<div id='av_section_1'  class='avia-section av-mk3wxrct-2dcda91d001287bb07ea57a3880d3116 main_color avia-section-large avia-no-border-styling  avia-builder-el-0  el_before_av_layout_row  avia-builder-el-first  avia-bg-style-scroll container_wrap fullsize'  ><div class='container av-section-cont-open' ><main  role=\"main\" itemprop=\"mainContentOfPage\"  class='template-page content  av-content-full alpha units'><div class='post-entry post-entry-type-page post-entry-7518'><div class='entry-content-wrapper clearfix'>\n<div  class='flex_column av-3wfg6p-03feffda47850a8150b81850868669fb av_one_half  avia-builder-el-1  el_before_av_one_half  avia-builder-el-first  first flex_column_div  '     ><style type=\"text\/css\" data-created_by=\"avia_inline_auto\" id=\"style-css-av-mjct72mr-fa47272972686b46a66a9c3608ed573c\">\n.avia-image-container.av-mjct72mr-fa47272972686b46a66a9c3608ed573c img.avia_image{\nbox-shadow:none;\n}\n.avia-image-container.av-mjct72mr-fa47272972686b46a66a9c3608ed573c .av-image-caption-overlay-center{\ncolor:#ffffff;\n}\n<\/style>\n<div  class='avia-image-container av-mjct72mr-fa47272972686b46a66a9c3608ed573c av-styling- avia-align-center  avia-builder-el-2  avia-builder-el-no-sibling '   itemprop=\"image\" itemscope=\"itemscope\" itemtype=\"https:\/\/schema.org\/ImageObject\" ><div class=\"avia-image-container-inner\"><div class=\"avia-image-overlay-wrap\"><img decoding=\"async\" fetchpriority=\"high\" class='wp-image-7034 avia-img-lazy-loading-not-7034 avia_image ' src=\"https:\/\/protherm.webis.si\/wp-content\/uploads\/2025\/12\/logo-HD-768x302-1.png\" alt='' title='logo-HD-768x302'  height=\"302\" width=\"768\"  itemprop=\"thumbnailUrl\" srcset=\"https:\/\/protherm.webis.si\/wp-content\/uploads\/2025\/12\/logo-HD-768x302-1.png 768w, https:\/\/protherm.webis.si\/wp-content\/uploads\/2025\/12\/logo-HD-768x302-1-300x118.png 300w, https:\/\/protherm.webis.si\/wp-content\/uploads\/2025\/12\/logo-HD-768x302-1-705x277.png 705w\" sizes=\"(max-width: 768px) 100vw, 768px\" \/><\/div><\/div><\/div><\/div><div  class='flex_column av-2h43k1-21272a20cb47feb045a53158de310758 av_one_half  avia-builder-el-3  el_after_av_one_half  el_before_av_one_third  flex_column_div  '     ><style type=\"text\/css\" data-created_by=\"avia_inline_auto\" id=\"style-css-av-mjctbse4-0497aa2b42b8d61bab27be570e1076be\">\n#top .av_textblock_section.av-mjctbse4-0497aa2b42b8d61bab27be570e1076be .avia_textblock{\ntext-align:left;\n}\n<\/style>\n<section  class='av_textblock_section av-mjctbse4-0497aa2b42b8d61bab27be570e1076be '   itemscope=\"itemscope\" itemtype=\"https:\/\/schema.org\/CreativeWork\" ><div class='avia_textblock'  itemprop=\"text\" ><p>Bei PROTHERM d.o.o. besch\u00e4ftigen wir uns mit der Entwicklung, Herstellung und dem Vertrieb von Aluminium-Haust\u00fcren f\u00fcr die anspruchsvollsten Kunden und Anwender. In erster Linie sind unsere Aluminiumt\u00fcren f\u00fcr Einfamilienh\u00e4user, Doppelh\u00e4user sowie Gesch\u00e4ftsgeb\u00e4ude vorgesehen.<\/p>\n<p>F\u00fcr die Herstellung von Protherm Aluminium-Haust\u00fcren verwenden wir modernste Materialien und Technologien, die maximale Konstruktionsstabilit\u00e4t und Sicherheit, ausgezeichnete W\u00e4rmed\u00e4mmung, hohen Bedienkomfort sowie eine lange Lebensdauer gew\u00e4hrleisten.<\/p>\n<p>Die individuelle Auswahl von Design und Ausstattung erm\u00f6glicht es auch besonders anspruchsvollen Nutzern, den Eingangsbereich nach ihren eigenen W\u00fcnschen und Erwartungen zu w\u00e4hlen und anzupassen.<\/p>\n<\/div><\/section><\/div><div  class='flex_column av-4mqdox-b9ba7dee52d9ff20a68c81255d480b96 av_one_third  avia-builder-el-5  el_after_av_one_half  el_before_av_one_third  first flex_column_div  column-top-margin'     ><style type=\"text\/css\" data-created_by=\"avia_inline_auto\" id=\"style-css-av-mjctiqk6-8a8109b7d95e71e14ed36c17dbef4275\">\n.iconbox.av-mjctiqk6-8a8109b7d95e71e14ed36c17dbef4275 .iconbox_icon{\nbackground-color:#7cb519;\n}\n<\/style>\n<article  class='iconbox iconbox_top av-mjctiqk6-8a8109b7d95e71e14ed36c17dbef4275  avia-builder-el-6  avia-builder-el-no-sibling  main_color'  itemscope=\"itemscope\" itemtype=\"https:\/\/schema.org\/CreativeWork\" ><div class=\"iconbox_content\"><header class=\"entry-content-header\" aria-label=\"Icon: WERTE\"><div class='iconbox_icon heading-color avia-iconfont avia-font-entypo-fontello' data-av_icon='\ue8a8' data-av_iconfont='entypo-fontello'  ><\/div><h3 class='iconbox_content_title '  itemprop=\"headline\" >WERTE<\/h3><\/header><div class='iconbox_content_container '  itemprop=\"text\" ><p>Mit einem fairen und respektvollen Umgang gegen\u00fcber Mitarbeitenden, Kunden und Lieferanten schaffen wir Vertrauen und starke Beziehungen f\u00fcr ein nachhaltiges Unternehmenswachstum. Durch den Einsatz moderner Materialien und Technologien entwickeln wir sichere, energieeffiziente und \u00e4sthetisch anspruchsvolle Aluminium-Haust\u00fcren, die auch den W\u00fcnschen der anspruchsvollsten Nutzer gerecht werden.<\/p>\n<\/div><\/div><footer class=\"entry-footer\"><\/footer><\/article><\/div><div  class='flex_column av-755wrl-db91466e0f826b7a03f9e17dc3526055 av_one_third  avia-builder-el-7  el_after_av_one_third  el_before_av_one_third  flex_column_div  column-top-margin'     ><style type=\"text\/css\" data-created_by=\"avia_inline_auto\" id=\"style-css-av-mjctey69-37565f0f38d738861e7093553b50fbb0\">\n.iconbox.av-mjctey69-37565f0f38d738861e7093553b50fbb0 .iconbox_icon{\nbackground-color:#7cb519;\n}\n<\/style>\n<article  class='iconbox iconbox_top av-mjctey69-37565f0f38d738861e7093553b50fbb0  avia-builder-el-8  avia-builder-el-no-sibling  main_color'  itemscope=\"itemscope\" itemtype=\"https:\/\/schema.org\/CreativeWork\" ><div class=\"iconbox_content\"><header class=\"entry-content-header\" aria-label=\"Icon: VISION\"><div class='iconbox_icon heading-color avia-iconfont avia-font-entypo-fontello' data-av_icon='\ue860' data-av_iconfont='entypo-fontello'  ><\/div><h3 class='iconbox_content_title '  itemprop=\"headline\" >VISION<\/h3><\/header><div class='iconbox_content_container '  itemprop=\"text\" ><p>Im Unternehmen m\u00f6chten wir mit dem technologischen Fortschritt und der modernen Produktion von Aluminium-Bauelementen Schritt halten und ein bekannter und gesch\u00e4tzter Hersteller von Aluminium-Bauelementen im In- und Ausland werden. Hochwertige Produkte und Dienstleistungen, zufriedene Kunden und Mitarbeitende sowie eine nachhaltige Entwicklung bilden die Grundlage f\u00fcr ein erfolgreiches und langfristiges Wachstum des Unternehmens.<\/p>\n<\/div><\/div><footer class=\"entry-footer\"><\/footer><\/article><\/div><div  class='flex_column av-5mvtjl-c6ede03dce0a5cb4d62990f3f85d8436 av_one_third  avia-builder-el-9  el_after_av_one_third  avia-builder-el-last  flex_column_div  column-top-margin'     ><style type=\"text\/css\" data-created_by=\"avia_inline_auto\" id=\"style-css-av-mjcti86c-c65f948f429af7f65b6779f2c397502c\">\n.iconbox.av-mjcti86c-c65f948f429af7f65b6779f2c397502c .iconbox_icon{\nbackground-color:#7cb519;\n}\n<\/style>\n<article  class='iconbox iconbox_top av-mjcti86c-c65f948f429af7f65b6779f2c397502c  avia-builder-el-10  avia-builder-el-no-sibling  main_color'  itemscope=\"itemscope\" itemtype=\"https:\/\/schema.org\/CreativeWork\" ><div class=\"iconbox_content\"><header class=\"entry-content-header\" aria-label=\"Icon: MISSION\"><div class='iconbox_icon heading-color avia-iconfont avia-font-entypo-fontello' data-av_icon='\ue8a8' data-av_iconfont='entypo-fontello'  ><\/div><h3 class='iconbox_content_title '  itemprop=\"headline\" >MISSION<\/h3><\/header><div class='iconbox_content_container '  itemprop=\"text\" ><p>F\u00fcr unsere Kunden fertigen wir Produkte, die bereits heute die Energieanforderungen der Zukunft erf\u00fcllen, die h\u00f6chsten Anspr\u00fcche an Sicherheit und Bedienkomfort erf\u00fcllen und die M\u00f6glichkeit einer individuellen Designauswahl bieten. Unseren Mitarbeitenden bieten wir ein kreatives Arbeitsumfeld, M\u00f6glichkeiten zur pers\u00f6nlichen Weiterentwicklung und vor allem gegenseitigen Respekt und F\u00fcrsorge.<\/p>\n<\/div><\/div><footer class=\"entry-footer\"><\/footer><\/article><\/div>\n\n<\/div><\/div><\/main><!-- close content main element --><\/div><\/div><div id='elementi'  class='av-layout-grid-container av-mk3x1fen-9d24dd9101f7e0d981bfbff198155e8c entry-content-wrapper main_color av-flex-cells  avia-builder-el-11  el_after_av_section  avia-builder-el-last  grid-row-not-first  container_wrap fullsize'  >\n\n<style type=\"text\/css\" data-created_by=\"avia_inline_auto\" id=\"style-css-av-mk3x28ir-b474431380b19e0a504f320681e0fcb9\">\n.flex_cell.av-mk3x28ir-b474431380b19e0a504f320681e0fcb9{\nvertical-align:top;\nbackground-color:#f8f8f8;\n}\n.responsive #top #wrap_all .flex_cell.av-mk3x28ir-b474431380b19e0a504f320681e0fcb9{\npadding:70px 0 70px 0 !important;\n}\n<\/style>\n<div class='flex_cell av-mk3x28ir-b474431380b19e0a504f320681e0fcb9 av-gridrow-cell av_one_full no_margin  avia-builder-el-12  avia-builder-el-no-sibling  content-align-top'  ><div class='flex_cell_inner'><p>\n<style type=\"text\/css\" data-created_by=\"avia_inline_auto\" id=\"style-css-av-mk3wuv3a-97d7df266e67f0c8ee9a1036a150237f\">\n#top .av-special-heading.av-mk3wuv3a-97d7df266e67f0c8ee9a1036a150237f{\npadding-bottom:20px;\ncolor:#0a0a0a;\nfont-size:40px;\n}\nbody .av-special-heading.av-mk3wuv3a-97d7df266e67f0c8ee9a1036a150237f .av-special-heading-tag .heading-char{\nfont-size:25px;\n}\n#top #wrap_all .av-special-heading.av-mk3wuv3a-97d7df266e67f0c8ee9a1036a150237f .av-special-heading-tag{\nfont-size:40px;\n}\n.av-special-heading.av-mk3wuv3a-97d7df266e67f0c8ee9a1036a150237f .special-heading-inner-border{\nborder-color:#0a0a0a;\n}\n.av-special-heading.av-mk3wuv3a-97d7df266e67f0c8ee9a1036a150237f .av-subheading{\nfont-size:15px;\n}\n\n@media only screen and (min-width: 480px) and (max-width: 767px){ \n#top #wrap_all .av-special-heading.av-mk3wuv3a-97d7df266e67f0c8ee9a1036a150237f .av-special-heading-tag{\nfont-size:0.8em;\n}\n}\n\n@media only screen and (max-width: 479px){ \n#top #wrap_all .av-special-heading.av-mk3wuv3a-97d7df266e67f0c8ee9a1036a150237f .av-special-heading-tag{\nfont-size:0.8em;\n}\n}\n<\/style>\n<div  class='av-special-heading av-mk3wuv3a-97d7df266e67f0c8ee9a1036a150237f av-special-heading-h3 custom-color-heading blockquote modern-quote modern-centered  avia-builder-el-13  el_before_av_hr  avia-builder-el-first  av-inherit-size'><h3 class='av-special-heading-tag '  itemprop=\"headline\"  >Werden Sie unser Gesch\u00e4ftspartner<\/h3><div class=\"special-heading-border\"><div class=\"special-heading-inner-border\"><\/div><\/div><\/div><br \/>\n\n<style type=\"text\/css\" data-created_by=\"avia_inline_auto\" id=\"style-css-av-mk3wo161-ebd84f42ad48bb12cc702230f9ca12b8\">\n#top .hr.av-mk3wo161-ebd84f42ad48bb12cc702230f9ca12b8{\nmargin-top:30px;\nmargin-bottom:30px;\n}\n.hr.av-mk3wo161-ebd84f42ad48bb12cc702230f9ca12b8 .hr-inner{\nwidth:50px;\nborder-color:#0a0a0a;\n}\n<\/style>\n<div  class='hr av-mk3wo161-ebd84f42ad48bb12cc702230f9ca12b8 hr-custom  avia-builder-el-14  el_after_av_heading  el_before_av_one_full  hr-center hr-icon-no'><span class='hr-inner inner-border-av-border-fat'><span class=\"hr-inner-style\"><\/span><\/span><\/div><br \/>\n<div  class='flex_column av-2ybqnl-0fd29ae43641992fb0098930884cf238 av_one_full  avia-builder-el-15  el_after_av_hr  el_before_av_button  first flex_column_div  '     ><style type=\"text\/css\" data-created_by=\"avia_inline_auto\" id=\"style-css-av-mk3wvf68-f44c91ab7a2c8c42eb0ee37aa59a282f\">\n#top .av_textblock_section.av-mk3wvf68-f44c91ab7a2c8c42eb0ee37aa59a282f .avia_textblock{\ntext-align:center;\n}\n<\/style>\n<section  class='av_textblock_section av-mk3wvf68-f44c91ab7a2c8c42eb0ee37aa59a282f '   itemscope=\"itemscope\" itemtype=\"https:\/\/schema.org\/CreativeWork\" ><div class='avia_textblock'  itemprop=\"text\" ><p>Wir sind bereit, in eine langfristige Gesch\u00e4ftspartnerschaft zu investieren.<\/p>\n<p>Gerne unterst\u00fctzen wir Ihr Unternehmen mit zuverl\u00e4ssigen und hochwertigen Produkten und Dienstleistungen \u2013 mit dem Ziel von Wachstum und gegenseitiger Zufriedenheit.<\/p>\n<\/div><\/section><\/div><div  class='avia-button-wrap av-mjctu1ip-cc3a8ca86843313bde9b4e345fb9ff0c-wrap avia-button-center  avia-builder-el-17  el_after_av_one_full  avia-builder-el-last '>\n<style type=\"text\/css\" data-created_by=\"avia_inline_auto\" id=\"style-css-av-mjctu1ip-cc3a8ca86843313bde9b4e345fb9ff0c\">\n#top #wrap_all .avia-button.av-mjctu1ip-cc3a8ca86843313bde9b4e345fb9ff0c{\nmargin:50px 0 0 0;\n}\n<\/style>\n<a href='https:\/\/protherm.webis.si\/#kontakt'  class='avia-button av-mjctu1ip-cc3a8ca86843313bde9b4e345fb9ff0c av-link-btn avia-icon_select-yes-right-icon avia-size-large avia-position-center avia-color-dark'   aria-label=\"F\u00fcr weitere Informationen kontaktieren Sie uns!\"><span class='avia_iconbox_title' >F\u00fcr weitere Informationen kontaktieren Sie uns!<\/span><span class='avia_button_icon avia_button_icon_right avia-iconfont avia-font-entypo-fontello' data-av_icon='\ue85c' data-av_iconfont='entypo-fontello' ><\/span><\/a><\/div><\/p>\n<\/div><\/div><\/div>\n","protected":false},"excerpt":{"rendered":"","protected":false},"author":1,"featured_media":0,"parent":0,"menu_order":0,"comment_status":"closed","ping_status":"closed","template":"","meta":{"_acf_changed":false,"footnotes":""},"class_list":["post-7518","page","type-page","status-publish","hentry"],"acf":[],"_links":{"self":[{"href":"https:\/\/protherm.webis.si\/de\/wp-json\/wp\/v2\/pages\/7518","targetHints":{"allow":["GET"]}}],"collection":[{"href":"https:\/\/protherm.webis.si\/de\/wp-json\/wp\/v2\/pages"}],"about":[{"href":"https:\/\/protherm.webis.si\/de\/wp-json\/wp\/v2\/types\/page"}],"author":[{"embeddable":true,"href":"https:\/\/protherm.webis.si\/de\/wp-json\/wp\/v2\/users\/1"}],"replies":[{"embeddable":true,"href":"https:\/\/protherm.webis.si\/de\/wp-json\/wp\/v2\/comments?post=7518"}],"version-history":[{"count":3,"href":"https:\/\/protherm.webis.si\/de\/wp-json\/wp\/v2\/pages\/7518\/revisions"}],"predecessor-version":[{"id":7521,"href":"https:\/\/protherm.webis.si\/de\/wp-json\/wp\/v2\/pages\/7518\/revisions\/7521"}],"wp:attachment":[{"href":"https:\/\/protherm.webis.si\/de\/wp-json\/wp\/v2\/media?parent=7518"}],"curies":[{"name":"wp","href":"https:\/\/api.w.org\/{rel}","templated":true}]}}