{"id":7514,"date":"2025-12-19T10:59:32","date_gmt":"2025-12-19T09:59:32","guid":{"rendered":"https:\/\/protherm.webis.si\/kontakt\/"},"modified":"2026-01-09T08:32:11","modified_gmt":"2026-01-09T07:32:11","slug":"kontakt","status":"publish","type":"page","link":"https:\/\/protherm.webis.si\/de\/kontakt\/","title":{"rendered":"Kontakt"},"content":{"rendered":"<div id='av_section_1'  class='avia-section av-mk3xmxie-a151c116d4f7a7f8c34350f9d6fb12b1 main_color avia-section-large avia-no-border-styling  avia-builder-el-0  avia-builder-el-no-sibling  avia-bg-style-scroll container_wrap fullsize'  ><div class='container av-section-cont-open' ><main  role=\"main\" itemprop=\"mainContentOfPage\"  class='template-page content  av-content-full alpha units'><div class='post-entry post-entry-type-page post-entry-7514'><div class='entry-content-wrapper clearfix'>\n\n<style type=\"text\/css\" data-created_by=\"avia_inline_auto\" id=\"style-css-av-mjcp6elw-d47a3cfceeb663580e7c2b1a90c10646\">\n#top .av-special-heading.av-mjcp6elw-d47a3cfceeb663580e7c2b1a90c10646{\npadding-bottom:20px;\ncolor:#0a0000;\nfont-size:40px;\n}\nbody .av-special-heading.av-mjcp6elw-d47a3cfceeb663580e7c2b1a90c10646 .av-special-heading-tag .heading-char{\nfont-size:25px;\n}\n#top #wrap_all .av-special-heading.av-mjcp6elw-d47a3cfceeb663580e7c2b1a90c10646 .av-special-heading-tag{\nfont-size:40px;\n}\n.av-special-heading.av-mjcp6elw-d47a3cfceeb663580e7c2b1a90c10646 .special-heading-inner-border{\nborder-color:#0a0000;\n}\n.av-special-heading.av-mjcp6elw-d47a3cfceeb663580e7c2b1a90c10646 .av-subheading{\nfont-size:15px;\n}\n\n@media only screen and (min-width: 480px) and (max-width: 767px){ \n#top #wrap_all .av-special-heading.av-mjcp6elw-d47a3cfceeb663580e7c2b1a90c10646 .av-special-heading-tag{\nfont-size:0.8em;\n}\n}\n\n@media only screen and (max-width: 479px){ \n#top #wrap_all .av-special-heading.av-mjcp6elw-d47a3cfceeb663580e7c2b1a90c10646 .av-special-heading-tag{\nfont-size:0.8em;\n}\n}\n<\/style>\n<div  class='av-special-heading av-mjcp6elw-d47a3cfceeb663580e7c2b1a90c10646 av-special-heading-h1 custom-color-heading blockquote modern-quote modern-centered  avia-builder-el-1  el_before_av_hr  avia-builder-el-first  av-inherit-size'><h1 class='av-special-heading-tag '  itemprop=\"headline\"  >KONTAKT<\/h1><div class=\"special-heading-border\"><div class=\"special-heading-inner-border\"><\/div><\/div><\/div>\n\n<style type=\"text\/css\" data-created_by=\"avia_inline_auto\" id=\"style-css-av-fmwf8l-55e578fd2e143aa2431f357b1e87d007\">\n#top .hr.av-fmwf8l-55e578fd2e143aa2431f357b1e87d007{\nmargin-top:30px;\nmargin-bottom:30px;\n}\n.hr.av-fmwf8l-55e578fd2e143aa2431f357b1e87d007 .hr-inner{\nwidth:50px;\nborder-color:#000000;\n}\n<\/style>\n<div  class='hr av-fmwf8l-55e578fd2e143aa2431f357b1e87d007 hr-custom  avia-builder-el-2  el_after_av_heading  el_before_av_textblock  hr-center hr-icon-no'><span class='hr-inner inner-border-av-border-fat'><span class=\"hr-inner-style\"><\/span><\/span><\/div>\n\n<style type=\"text\/css\" data-created_by=\"avia_inline_auto\" id=\"style-css-av-mk3xk08w-1bed0a327e1f8f3b3ec14b8f61684d1d\">\n#top .av_textblock_section.av-mk3xk08w-1bed0a327e1f8f3b3ec14b8f61684d1d .avia_textblock{\ntext-align:center;\n}\n<\/style>\n<section  class='av_textblock_section av-mk3xk08w-1bed0a327e1f8f3b3ec14b8f61684d1d '   itemscope=\"itemscope\" itemtype=\"https:\/\/schema.org\/CreativeWork\" ><div class='avia_textblock'  itemprop=\"text\" ><p>F\u00fcr die Umsetzung des ausgew\u00e4hlten T\u00fcrmodells schreiben Sie uns bitte eine E-Mail oder rufen Sie uns an. Wir laden Sie herzlich ein, uns zu besuchen und unser Angebot in unseren renovierten R\u00e4umlichkeiten anzusehen. Wir freuen uns auf Ihren Besuch!<\/p>\n<\/div><\/section>\n<div class='flex_column_table av-mk3xlmjg-002be2401a1cc2ddd5ed08ad2997198f sc-av_one_third av-equal-height-column-flextable'><div  class='flex_column av-mk3xlmjg-002be2401a1cc2ddd5ed08ad2997198f av_one_third  avia-builder-el-4  el_after_av_textblock  el_before_av_two_third  first flex_column_table_cell av-equal-height-column av-align-middle  column-top-margin'     ><style type=\"text\/css\" data-created_by=\"avia_inline_auto\" id=\"style-css-av-mjcpkf73-6942b0107e431754612231f87c3a9b12\">\n.iconbox.av-mjcpkf73-6942b0107e431754612231f87c3a9b12 .iconbox_icon{\nbackground-color:#7cb519;\n}\n<\/style>\n<article  class='iconbox iconbox_top av-mjcpkf73-6942b0107e431754612231f87c3a9b12  avia-builder-el-5  el_before_av_icon_box  avia-builder-el-first  main_color'  itemscope=\"itemscope\" itemtype=\"https:\/\/schema.org\/CreativeWork\" ><div class=\"iconbox_content\"><header class=\"entry-content-header\" aria-label=\"Icon: \u00d6ffnungszeiten\"><div class='iconbox_icon heading-color avia-iconfont avia-font-entypo-fontello' data-av_icon='\ue862' data-av_iconfont='entypo-fontello'  ><\/div><h3 class='iconbox_content_title '  itemprop=\"headline\" >\u00d6ffnungszeiten<\/h3><\/header><div class='iconbox_content_container '  itemprop=\"text\" ><div id=\"Info-list-wrap-5929\" class=\"icon_description\">\n<h3 class=\"ult-responsive info-list-heading\" data-ultimate-target=\"#Info-list-wrap-5929 h3\" data-responsive-json-new=\"{\" font-size=\"\">Montag \u2013 Donnerstag: 07:00 \u2013 17:00<\/h3>\n<\/div>\n<div id=\"Info-list-wrap-1505\" class=\"icon_description\">\n<h3 class=\"ult-responsive info-list-heading\" data-ultimate-target=\"#Info-list-wrap-1505 h3\" data-responsive-json-new=\"{\" font-size=\"\">Freitag: 07:00 \u2013 16:00<\/h3>\n<\/div>\n<\/div><\/div><footer class=\"entry-footer\"><\/footer><\/article><br \/>\n\n<style type=\"text\/css\" data-created_by=\"avia_inline_auto\" id=\"style-css-av-mjcprcfs-9140682d0ce5590acf823048102607a7\">\n.iconbox.av-mjcprcfs-9140682d0ce5590acf823048102607a7 .iconbox_icon{\nbackground-color:#7cb519;\n}\n<\/style>\n<article  class='iconbox iconbox_top av-mjcprcfs-9140682d0ce5590acf823048102607a7  avia-builder-el-6  el_after_av_icon_box  el_before_av_icon_box  main_color'  itemscope=\"itemscope\" itemtype=\"https:\/\/schema.org\/CreativeWork\" ><div class=\"iconbox_content\"><header class=\"entry-content-header\" aria-label=\"Icon: Standort\"><div class='iconbox_icon heading-color avia-iconfont avia-font-entypo-fontello' data-av_icon='\ue842' data-av_iconfont='entypo-fontello'  ><\/div><h3 class='iconbox_content_title '  itemprop=\"headline\" >Standort<\/h3><\/header><div class='iconbox_content_container '  itemprop=\"text\" ><div id=\"Info-list-wrap-5929\" class=\"icon_description\">\n<h3>Protherm Doors d.o.o.<\/h3>\n<h3><a href=\"https:\/\/maps.app.goo.gl\/oLdMFhbRueYNZnSm7\">Tr\u017ea\u0161ka cesta 87a<\/a><\/h3>\n<h3>6230 Postojna, Slowenien<\/h3>\n<\/div>\n<div id=\"Info-list-wrap-1505\" class=\"icon_description\"><\/div>\n<\/div><\/div><footer class=\"entry-footer\"><\/footer><\/article><br \/>\n\n<style type=\"text\/css\" data-created_by=\"avia_inline_auto\" id=\"style-css-av-mjcptpec-57969a3fcb0807769a90edbe4c443250\">\n.iconbox.av-mjcptpec-57969a3fcb0807769a90edbe4c443250 .iconbox_icon{\nbackground-color:#7cb519;\n}\n<\/style>\n<article  class='iconbox iconbox_top av-mjcptpec-57969a3fcb0807769a90edbe4c443250  avia-builder-el-7  el_after_av_icon_box  el_before_av_icon_box  main_color'  itemscope=\"itemscope\" itemtype=\"https:\/\/schema.org\/CreativeWork\" ><div class=\"iconbox_content\"><header class=\"entry-content-header\" aria-label=\"Icon: Telefon\"><div class='iconbox_icon heading-color avia-iconfont avia-font-entypo-fontello' data-av_icon='\ue854' data-av_iconfont='entypo-fontello'  ><\/div><h3 class='iconbox_content_title '  itemprop=\"headline\" >Telefon<\/h3><\/header><div class='iconbox_content_container '  itemprop=\"text\" ><div id=\"Info-list-wrap-5929\" class=\"icon_description\">\n<h3 class=\"ult-responsive info-list-heading\" data-ultimate-target=\"#Info-list-wrap-8058 h3\" data-responsive-json-new=\"{\"><span style=\"text-decoration: underline;\"><a href=\"tel:0038640379211\">+386 (0) 40 379 211<\/a><\/span><\/h3>\n<\/div>\n<div id=\"Info-list-wrap-1505\" class=\"icon_description\"><\/div>\n<\/div><\/div><footer class=\"entry-footer\"><\/footer><\/article><br \/>\n\n<style type=\"text\/css\" data-created_by=\"avia_inline_auto\" id=\"style-css-av-mjcpuf5g-69ed2bd45e70928d0e22f3a1d8fb5e73\">\n.iconbox.av-mjcpuf5g-69ed2bd45e70928d0e22f3a1d8fb5e73 .iconbox_icon{\nbackground-color:#7cb519;\n}\n<\/style>\n<article  class='iconbox iconbox_top av-mjcpuf5g-69ed2bd45e70928d0e22f3a1d8fb5e73  avia-builder-el-8  el_after_av_icon_box  avia-builder-el-last  main_color'  itemscope=\"itemscope\" itemtype=\"https:\/\/schema.org\/CreativeWork\" ><div class=\"iconbox_content\"><header class=\"entry-content-header\" aria-label=\"Icon: E-Mail\"><div class='iconbox_icon heading-color avia-iconfont avia-font-entypo-fontello' data-av_icon='\ue805' data-av_iconfont='entypo-fontello'  ><\/div><h3 class='iconbox_content_title '  itemprop=\"headline\" >E-Mail<\/h3><\/header><div class='iconbox_content_container '  itemprop=\"text\" ><div id=\"Info-list-wrap-5929\" class=\"icon_description\">\n<h3 class=\"ult-responsive info-list-heading\" data-ultimate-target=\"#Info-list-wrap-8058 h3\" data-responsive-json-new=\"{\" font-size=\"\"><a href=\"mailto:info@protherm.si\">info@protherm.si<\/a><\/h3>\n<\/div>\n<div id=\"Info-list-wrap-1505\" class=\"icon_description\"><\/div>\n<\/div><\/div><footer class=\"entry-footer\"><\/footer><\/article><\/p><\/div><div class='av-flex-placeholder'><\/div><div  class='flex_column av-mk3xkmvs-7ad03a83c6560103047f171e01a7b5f9 av_two_third  avia-builder-el-9  el_after_av_one_third  avia-builder-el-last  flex_column_table_cell av-equal-height-column av-align-middle  column-top-margin'     ><style type=\"text\/css\" data-created_by=\"avia_inline_auto\" id=\"style-css-av-mjcpw1rw-8b5d8b16153f5a4a751edfdb91557e9c\">\n.avia-image-container.av-mjcpw1rw-8b5d8b16153f5a4a751edfdb91557e9c img.avia_image{\nbox-shadow:none;\n}\n.avia-image-container.av-mjcpw1rw-8b5d8b16153f5a4a751edfdb91557e9c .av-image-caption-overlay-center{\ncolor:#ffffff;\n}\n<\/style>\n<div  class='avia-image-container av-mjcpw1rw-8b5d8b16153f5a4a751edfdb91557e9c av-styling- avia-align-center  avia-builder-el-10  avia-builder-el-no-sibling '   itemprop=\"image\" itemscope=\"itemscope\" itemtype=\"https:\/\/schema.org\/ImageObject\" ><div class=\"avia-image-container-inner\"><div class=\"avia-image-overlay-wrap\"><img decoding=\"async\" fetchpriority=\"high\" class='wp-image-6966 avia-img-lazy-loading-not-6966 avia_image ' src=\"https:\/\/protherm.webis.si\/wp-content\/uploads\/2025\/12\/globus.jpg\" alt='' title='globus'  height=\"649\" width=\"927\"  itemprop=\"thumbnailUrl\" srcset=\"https:\/\/protherm.webis.si\/wp-content\/uploads\/2025\/12\/globus.jpg 927w, https:\/\/protherm.webis.si\/wp-content\/uploads\/2025\/12\/globus-300x210.jpg 300w, https:\/\/protherm.webis.si\/wp-content\/uploads\/2025\/12\/globus-768x538.jpg 768w, https:\/\/protherm.webis.si\/wp-content\/uploads\/2025\/12\/globus-705x494.jpg 705w\" sizes=\"(max-width: 927px) 100vw, 927px\" \/><\/div><\/div><\/div><\/div><\/div><!--close column table wrapper. Autoclose: 1 -->\n","protected":false},"excerpt":{"rendered":"","protected":false},"author":1,"featured_media":0,"parent":0,"menu_order":0,"comment_status":"closed","ping_status":"closed","template":"","meta":{"_acf_changed":false,"footnotes":""},"class_list":["post-7514","page","type-page","status-publish","hentry"],"acf":[],"_links":{"self":[{"href":"https:\/\/protherm.webis.si\/de\/wp-json\/wp\/v2\/pages\/7514","targetHints":{"allow":["GET"]}}],"collection":[{"href":"https:\/\/protherm.webis.si\/de\/wp-json\/wp\/v2\/pages"}],"about":[{"href":"https:\/\/protherm.webis.si\/de\/wp-json\/wp\/v2\/types\/page"}],"author":[{"embeddable":true,"href":"https:\/\/protherm.webis.si\/de\/wp-json\/wp\/v2\/users\/1"}],"replies":[{"embeddable":true,"href":"https:\/\/protherm.webis.si\/de\/wp-json\/wp\/v2\/comments?post=7514"}],"version-history":[{"count":9,"href":"https:\/\/protherm.webis.si\/de\/wp-json\/wp\/v2\/pages\/7514\/revisions"}],"predecessor-version":[{"id":7581,"href":"https:\/\/protherm.webis.si\/de\/wp-json\/wp\/v2\/pages\/7514\/revisions\/7581"}],"wp:attachment":[{"href":"https:\/\/protherm.webis.si\/de\/wp-json\/wp\/v2\/media?parent=7514"}],"curies":[{"name":"wp","href":"https:\/\/api.w.org\/{rel}","templated":true}]}}