{"id":3830,"date":"2023-09-18T06:03:56","date_gmt":"2023-09-18T06:03:56","guid":{"rendered":"https:\/\/alunagode.si\/politika-zasebnosti\/"},"modified":"2023-04-21T12:30:21","modified_gmt":"2023-04-21T12:30:21","slug":"datenschutz-bestimmungen","status":"publish","type":"page","link":"https:\/\/protherm.webis.si\/de\/datenschutz-bestimmungen\/","title":{"rendered":"Datenschutz-Bestimmungen"},"content":{"rendered":"\n<p><strong>Der Verantwortliche f\u00fcr die personenbezogenen Daten<\/strong>&nbsp;<\/p>\n\n\n\n<p>Offizieller Name des Unternehmens: PVC Nagode d.o.o. &nbsp;<br>Adresse des Hauptsitzes:&nbsp; Tr\u017ea\u0161ka cesta 87a, 6230 Postojna, Slovenija&nbsp;&nbsp;<\/p>\n\n\n\n<p>E-Mail-Adresse f\u00fcr Fragen zum Schutz personenbezogener Daten: <a href=\"mailto:salon.po@pvcnagode.si\" target=\"_blank\" rel=\"noreferrer noopener\">salon.po@pvcnagode.si<\/a>&nbsp;&nbsp;<\/p>\n\n\n\n<p><strong>DSGVO<\/strong> oder die Datenschutz-Grundverordnung ist die Verordnung (EU) 2016\/679 des Europ\u00e4ischen Parlaments und des Rates vom 27. April 2016 zum Schutz nat\u00fcrlicher Personen bei der Verarbeitung personenbezogener Daten und zum freien Datenverkehr. Die in der DSGVO beschriebenen Begriffe werden auch in unserer Datenschutzhinweis verwendet.&nbsp;<\/p>\n\n\n\n<p><strong>Rechte des Nutzers\u202f<\/strong>&nbsp;<\/p>\n\n\n\n<p>Sie k\u00f6nnen Ihre Rechte im Zusammenhang mit dem Schutz personenbezogener Daten schriftlich unter der E-Mail-Adresse <a href=\"mailto:salon.po@pvcnagode.si\" target=\"_blank\" rel=\"noreferrer noopener\">salon.po@pvcnagode.si<\/a> oder unter der Adresse des f\u00fcr die Verarbeitung Verantwortlichen aus\u00fcben.&nbsp;&nbsp;<\/p>\n\n\n\n<p><strong>Ihre Rechte umfassen das Recht:\u202f\u202f<\/strong>&nbsp;<\/p>\n\n\n\n<ul class=\"wp-block-list\">\n<li>um auf Ihre pers\u00f6nlichen Daten zuzugreifen;\u202f&nbsp;<\/li>\n\n\n\n<li>um Ihre personenbezogenen Daten zu berichtigen;\u202f\u202f&nbsp;<\/li>\n\n\n\n<li>um Ihre personenbezogenen Daten zu l\u00f6schen, wenn keine Rechtsgrundlage mehr (oder eine gesetzliche Verpflichtung) f\u00fcr deren Speicherung besteht oder Sie uns Ihre Einwilligung erteilt haben;\u202f\u202f&nbsp;<\/li>\n\n\n\n<li>um Ihre personenbezogenen Daten einzuschr\u00e4nken (in bestimmten F\u00e4llen);\u202f\u202f&nbsp;<\/li>\n<\/ul>\n\n\n\n<ul class=\"wp-block-list\">\n<li>Widerspruch einzulegen \u2013 wenn die Verarbeitung auf der Grundlage eines berechtigten Interesses erfolgt;\u202f\u202f&nbsp;<\/li>\n\n\n\n<li>zur \u00dcbertragbarkeit &#8211; erfolgt im Falle einer vertraglichen oder pers\u00f6nlichen Einwilligung &amp; Verarbeitung automatisiert.\u202f&nbsp;<\/li>\n<\/ul>\n\n\n\n<p>Wenn Sie uns eine Aufforderung zur Aus\u00fcbung eines Rechts stellen, von dem wir eine Person nicht zuverl\u00e4ssig identifizieren k\u00f6nnen, k\u00f6nnen wir Sie kontaktieren, um Ihre Identit\u00e4t zu \u00fcberpr\u00fcfen.&nbsp;<\/p>\n\n\n\n<p><strong>M\u00f6glichkeit der Beschwerde: <\/strong>Wenn Sie der Meinung sind, dass wir Ihre Rechte nicht ordnungsgem\u00e4\u00df aus\u00fcben, kontaktieren Sie uns bitte zuerst. Wenn dies nicht ausreicht, k\u00f6nnen Sie eine Beschwerde beim Information Commissioner der Republik Slowenien einreichen.&nbsp;&nbsp;<\/p>\n\n\n\n<p><strong>Methode und Zweck der Verwendung personenbezogener Daten\u202f<\/strong>&nbsp;<\/p>\n\n\n\n<p><strong>Wenn Sie unsere Website besuchen <\/strong>&nbsp;<\/p>\n\n\n\n<p>Durch die Nutzung der Website erkl\u00e4rt sich der Nutzer mit den auf dieser Website ver\u00f6ffentlichten Regeln einverstanden. An dieser Stelle kann der Nutzer alle \u00c4nderungen der Allgemeinen Gesch\u00e4ftsbedingungen und folglich die Art und den Zweck der Verarbeitung der erhobenen personenbezogenen Daten \u00fcberwachen.&nbsp;<\/p>\n\n\n\n<p>Wenn Sie die Website besuchen, wird Ihre IP-Adresse automatisch bis zum Ende der Sitzung gespeichert. Diese Daten werden automatisch gel\u00f6scht, wenn unser System feststellt, dass Sie keine Aktivit\u00e4ten durchf\u00fchren, die das Funktionieren unserer Website gef\u00e4hrden w\u00fcrden.&nbsp; Andernfalls wird Ihre IP-Adresse dauerhaft gespeichert, unser System platziert sie in einer schwarzen Liste, wodurch eine weitere Nutzung unserer Website verhindert wird.&nbsp;&nbsp;<\/p>\n\n\n\n<p><strong>Rechtsgrundlage f\u00fcr die Verarbeitung personenbezogener Daten<\/strong>: auf der Grundlage seines eigenen berechtigten Interesses (Artikel 6(1)f der Allgemeinen Verordnung) verarbeitet der f\u00fcr die Verarbeitung Verantwortliche personenbezogene Daten auch zum Zwecke der Sicherheit der Website und der Verhinderung illegaler Aktivit\u00e4ten (wie Hacking, Missbrauch von Passw\u00f6rtern usw.).&nbsp;<\/p>\n\n\n\n<p><strong>Empf\u00e4nger oder Kategorien von Empf\u00e4ngern personenbezogener Daten<\/strong>: der Website-Hosting-Provider und der Anbieter von Sicherheitsl\u00f6sungen. Die Nutzer verarbeiten personenbezogene Daten ausschlie\u00dflich auf Anweisung und unter Aufsicht des f\u00fcr die Verarbeitung Verantwortlichen, um die Sicherheit und Wartung der Website zu gew\u00e4hrleisten.&nbsp;<\/p>\n\n\n\n<p><strong>Dauer der Speicherung personenbezogener Daten<\/strong>: sp\u00e4testens am Ende der Sitzung (allgemeine Regel) oder dauerhaft (bei versuchten Missbrauchsf\u00e4llen).\u202f&nbsp;<\/p>\n\n\n\n<p>Automatisierte Entscheidungsfindung und\/oder Profiling werden nicht durchgef\u00fchrt.&nbsp;<\/p>\n\n\n\n<p><strong>Kontaktformular oder E-Mail<\/strong>&nbsp;<\/p>\n\n\n\n<p>Mit der Nutzung des Kontaktformulars erkl\u00e4ren Sie sich damit einverstanden, dass wir die eingegebenen Daten zur Ermittlung des Interesses an Produkten, Dienstleistungen und anderen L\u00f6sungen verarbeiten und dass wir Sie \u00fcber die registrierte Telefonnummer oder E-Mail-Adresse kontaktieren k\u00f6nnen.&nbsp;&nbsp;<\/p>\n\n\n\n<p><strong>Rechtsgrundlage f\u00fcr die Verarbeitung personenbezogener Daten<\/strong>: auf der Grundlage seines eigenen berechtigten Interesses (Art. 6(1)f der Allgemeinen Verordnung) verarbeitet der f\u00fcr die Verarbeitung Verantwortliche personenbezogene Daten zum Zwecke der Kommunikation mit der \u00d6ffentlichkeit, Ma\u00dfnahmen vor Abschluss eines Vertrags nach Art. 6(1)b DSGVO (f\u00fcr Anfragen nat\u00fcrlicher Personen) oder ein berechtigtes Interesse (Gesch\u00e4ftsf\u00fchrung) gem\u00e4\u00df Art. 6(1)f DSGVO (bei Anfragen juristischer Personen).&nbsp;&nbsp;<\/p>\n\n\n\n<p><strong>Empf\u00e4nger oder Kategorien von Empf\u00e4ngern personenbezogener Daten<\/strong>: der Website-Hosting-Provider und der Anbieter von Sicherheitsl\u00f6sungen. Die Nutzer verarbeiten personenbezogene Daten ausschlie\u00dflich auf Anweisung und unter Aufsicht des f\u00fcr die Verarbeitung Verantwortlichen, um die Sicherheit und Wartung der Website zu gew\u00e4hrleisten.&nbsp;<\/p>\n\n\n\n<p><strong>Dauer der Speicherung personenbezogener Daten<\/strong>: bis zum Ende der Mitteilung oder auf Ihre Aufforderung, die Kommunikation einzustellen, werden Ihre personenbezogenen Daten gel\u00f6scht (sofern keine weitere Rechtsgrundlage f\u00fcr deren weitere Verarbeitung (z.\u202fB. ein Vertrag) besteht).&nbsp;<\/p>\n\n\n\n<p>Der Nutzer kann auch spezifische Fragen an das Unternehmen \u00fcber die auf der Website ver\u00f6ffentlichten E-Mail-Adressen stellen und damit dem f\u00fcr die Verarbeitung Verantwortlichen die oben genannten Daten anvertrauen. Diese werden ausschlie\u00dflich zur L\u00f6sung der Frage des Nutzers verwendet.&nbsp;&nbsp;<\/p>\n\n\n\n<p>Die personenbezogenen Daten, die Sie uns im Falle einer Anfrage mitteilen, werden nat\u00fcrlich nur zur Beantwortung Ihrer Anfrage und in keinem Fall f\u00fcr Direktmarketing verwendet.&nbsp; Die im Formular enthaltenen Daten werden nicht an Dritte \u00fcbermittelt oder f\u00fcr andere Zwecke als den Zweck des Inhalts der auf dem Kontaktformular \u00fcbermittelten Nachricht oder des Abschlusses einer Gesch\u00e4ftsbeziehung verwendet.&nbsp;<\/p>\n\n\n\n<p><strong>Melden Sie sich f\u00fcr E-Newsletter an<\/strong>&nbsp;<\/p>\n\n\n\n<p>Wenn die Website dies derzeit erlaubt, k\u00f6nnen Sie E-Newsletter abonnieren, um Ihnen n\u00fctzliche E-News und Angebote zu senden, die wir hoffen, dass Sie gerne lesen werden.&nbsp;&nbsp;<\/p>\n\n\n\n<p>Newsletter versenden wir nur, wenn Sie uns Ihre pers\u00f6nliche Einwilligung erteilen. Der Nutzer kann jederzeit schriftlich an die am Anfang dieses Dokuments angegebene E-Mail-Adresse oder durch Anklicken den Link \u201eAbmelden\u201c im E-Newsletter verlangen, dass wir die Nutzung seiner personenbezogenen Daten zu diesem Zweck dauerhaft oder vor\u00fcbergehend einstellen. Dem Antrag wird unverz\u00fcglich oder innerhalb von 15 Tagen nach Eingang des Antrags, wie gesetzlich vorgeschrieben, stattgegeben.&nbsp;&nbsp;<\/p>\n\n\n\n<p><strong>Rechtsgrundlage f\u00fcr die Verarbeitung personenbezogener Daten<\/strong>: pers\u00f6nliche Einwilligung nach Art. 6 (1)a DSGVO.&nbsp;<\/p>\n\n\n\n<p><strong>Empf\u00e4nger oder Kategorien von Empf\u00e4ngern personenbezogener Daten: <\/strong>Website-Hosting-Provider, E-Mail- Anbieter, ERP-Anbieter. Die Nutzer verarbeiten personenbezogene Daten ausschlie\u00dflich auf Anweisung und unter Aufsicht des f\u00fcr die Verarbeitung Verantwortlichen.&nbsp;<\/p>\n\n\n\n<p><strong>Dauer der Speicherung personenbezogener Daten<\/strong>: bis zur Stornierung.&nbsp;<\/p>\n\n\n\n<p><strong>\u202fWebanalyse und Marketing\u202f<\/strong>&nbsp;<\/p>\n\n\n\n<p>Mit Hilfe von Cookies und basierend auf Ihrer ausdr\u00fccklichen Zustimmung k\u00f6nnen wir Webanalysen und Marketing auf der Website durchf\u00fchren. Wenn Sie uns Ihre Zustimmung zur Platzierung von Marketing-Cookies geben, k\u00f6nnen wir basierend auf Ihrer Zustimmung Marketing f\u00fcr unsere Dienste durchf\u00fchren.<strong>&nbsp;<\/strong>&nbsp;<\/p>\n\n\n\n<p>Wenn Sie Cookies nicht akzeptieren, werden einige Websites m\u00f6glicherweise nicht korrekt angezeigt oder Sie erhalten nicht Zugang zu allen Informationen oder Funktionen der Website, aber die Annahme von Cookies ist keine Bedingung f\u00fcr die Nutzung der Website.&nbsp;<\/p>\n\n\n\n<p>Informationen zu Cookies und deren Einstellungen finden Sie auf dieser Seite. &nbsp;<\/p>\n\n\n\n<p><strong>Rechtsgrundlage f\u00fcr die Verarbeitung personenbezogener Daten<\/strong>: pers\u00f6nliche Einwilligung nach 6(1)a DSGVO.&nbsp;<\/p>\n\n\n\n<p><strong>Empf\u00e4nger oder Kategorien von Empf\u00e4ngern personenbezogener Daten: <\/strong>Website-Hosting-Provider, Anbieter von Anzeigenanzeigen (im Falle einer Marketing-Einwilligung)\u202f&nbsp;<\/p>\n\n\n\n<p><strong>Dauer der Speicherung personenbezogener Daten<\/strong>: bis Sie das Laden (Verwendung) von <a href=\"https:\/\/alunagode.de\/cookies\/\" data-type=\"page\" data-id=\"3829\">Cookies <\/a>abbrechen.\u00a0<\/p>\n\n\n\n<p><strong>Weitergabe von Daten an autorisierte Partner<\/strong>&nbsp;<\/p>\n\n\n\n<p>Wir verwenden die erhobenen personenbezogenen Daten ausschlie\u00dflich f\u00fcr die oben genannten Zwecke und vermarkten sie nicht.&nbsp;&nbsp;<\/p>\n\n\n\n<p>Wir k\u00f6nnen personenbezogene Daten gem\u00e4\u00df geltendem Recht an vertrauensw\u00fcrdige Partner oder als gesetzliche Verpflichtung \u00fcbermitteln. Die Daten k\u00f6nnen \u00fcbermittelt werden an:&nbsp;&nbsp;<\/p>\n\n\n\n<ul class=\"wp-block-list\">\n<li>Datenverarbeitungsunternehmen und Informationsdienste, die den reibungslosen Betrieb der Website und deren Verbesserungen (Serverhosting usw.) gew\u00e4hrleisten;&nbsp;&nbsp;<\/li>\n<\/ul>\n\n\n\n<ul class=\"wp-block-list\">\n<li>Zugelassene Institutionen, sofern gesetzlich vorgeschrieben (Gericht usw.).&nbsp;&nbsp;<\/li>\n<\/ul>\n\n\n\n<p><strong>Google ReCAPTCHA<\/strong>&nbsp;<\/p>\n\n\n\n<p>Angesichts des berechtigten Interesses an der Verhinderung von Spam und Missbrauch auf unserer Website nutzen wir auch die Funktion reCAPTCHA von Google. Dieses Merkmal unterscheidet, ob der Eintrag von einem Menschen gemacht wird oder das Ergebnis eines Missbrauchs durch ein automatisches Verfahren ist. Der Dienst beinhaltet das Senden einer IP-Adresse und ggf. anderer Daten an Google, die von Google zur Durchf\u00fchrung des Dienstes reCAPTCHA ben\u00f6tigt werden. Weitere Informationen zur Funktion Google reCAPTCHA und zur Datenschutzerkl\u00e4rung von Google finden Sie unter https:\/\/policies.google.com\/privacy?hl=en&nbsp;<\/p>\n\n\n\n<p><strong>G\u00fcltigkeit der Datenschutzerkl\u00e4rung<\/strong>&nbsp;<\/p>\n\n\n\n<p>Wir behalten uns das Recht vor, die Datenschutzerkl\u00e4rung von Zeit zu Zeit an die aktuelle Situation und Gesetzgebung im Bereich des Schutzes personenbezogener Daten anzupassen. \u00c4nderungen werden jedes Mal auf dieser Website ver\u00f6ffentlicht. Bevor Sie Ihre personenbezogenen Daten \u00fcbermitteln, \u00fcberpr\u00fcfen Sie bitte die aktuelle Version, um Sie \u00fcber \u00c4nderungen und Erg\u00e4nzungen zu informieren.&nbsp;<\/p>\n\n\n\n<p>Diese Richtlinie wurde auf der Website ver\u00f6ffentlicht und gilt ab dem Datum der Ver\u00f6ffentlichung.<\/p>\n","protected":false},"excerpt":{"rendered":"<p>Der Verantwortliche f\u00fcr die personenbezogenen Daten&nbsp; Offizieller Name des Unternehmens: PVC Nagode d.o.o. &nbsp;Adresse des Hauptsitzes:&nbsp; Tr\u017ea\u0161ka cesta 87a, 6230 Postojna, Slovenija&nbsp;&nbsp; E-Mail-Adresse f\u00fcr Fragen zum Schutz personenbezogener Daten: salon.po@pvcnagode.si&nbsp;&nbsp; DSGVO oder die Datenschutz-Grundverordnung ist die Verordnung (EU) 2016\/679 des Europ\u00e4ischen Parlaments und des Rates vom 27. April 2016 zum Schutz nat\u00fcrlicher Personen bei der [&hellip;]<\/p>\n","protected":false},"author":1,"featured_media":0,"parent":0,"menu_order":0,"comment_status":"closed","ping_status":"closed","template":"","meta":{"_acf_changed":false,"footnotes":""},"class_list":["post-3830","page","type-page","status-publish","hentry"],"acf":[],"_links":{"self":[{"href":"https:\/\/protherm.webis.si\/de\/wp-json\/wp\/v2\/pages\/3830","targetHints":{"allow":["GET"]}}],"collection":[{"href":"https:\/\/protherm.webis.si\/de\/wp-json\/wp\/v2\/pages"}],"about":[{"href":"https:\/\/protherm.webis.si\/de\/wp-json\/wp\/v2\/types\/page"}],"author":[{"embeddable":true,"href":"https:\/\/protherm.webis.si\/de\/wp-json\/wp\/v2\/users\/1"}],"replies":[{"embeddable":true,"href":"https:\/\/protherm.webis.si\/de\/wp-json\/wp\/v2\/comments?post=3830"}],"version-history":[{"count":4,"href":"https:\/\/protherm.webis.si\/de\/wp-json\/wp\/v2\/pages\/3830\/revisions"}],"predecessor-version":[{"id":4699,"href":"https:\/\/protherm.webis.si\/de\/wp-json\/wp\/v2\/pages\/3830\/revisions\/4699"}],"wp:attachment":[{"href":"https:\/\/protherm.webis.si\/de\/wp-json\/wp\/v2\/media?parent=3830"}],"curies":[{"name":"wp","href":"https:\/\/api.w.org\/{rel}","templated":true}]}}