{"id":3829,"date":"2023-09-18T06:03:56","date_gmt":"2023-09-18T06:03:56","guid":{"rendered":"https:\/\/alunagode.si\/o-piskotkih\/"},"modified":"2023-09-22T11:02:54","modified_gmt":"2023-09-22T11:02:54","slug":"cookie-richtlinien","status":"publish","type":"page","link":"https:\/\/protherm.webis.si\/de\/cookie-richtlinien\/","title":{"rendered":"Cookie-Richtlinien"},"content":{"rendered":"\n<p><strong>Was sind Cookies?<\/strong><\/p>\n\n\n\n<p>Cookies sind kleine Textdateien, die uns dar\u00fcber informieren, wie oft ein Besucher unsere Website besucht und was ihn an diesen Besuchen interessiert. Cookies enthalten selbst keine Daten. Sie haben jederzeit die M\u00f6glichkeit, Cookies zu akzeptieren oder abzulehnen. Ihre Speicherung erfolgt unter der vollst\u00e4ndigen Kontrolle des vom Nutzer verwendeten Browsers.<\/p>\n\n\n\n<p>Cookies sind kleine Dateien, die von den besuchten Seiten an Ihren Computer gesendet und dort gespeichert werden. Cookies werden im Dateiverzeichnis des Webbrowsers gespeichert. Beim n\u00e4chsten Besuch der Website liest der Browser ein Cookie und stellt Informationen f\u00fcr die Website oder ein anderes Element zur Verf\u00fcgung, das das Cookie setzt.<\/p>\n\n\n\n<p><strong>Warum werden Cookies ben\u00f6tigt?<\/strong><\/p>\n\n\n\n<p>Cookies sind f\u00fcr die Bereitstellung benutzerfreundlicher Online-Dienste unerl\u00e4sslich. Viele E-Commerce-Funktionen w\u00e4ren ohne Cookies nicht m\u00f6glich. Eine schnellere und einfachere Interaktion zwischen dem Webbenutzer und der Website. Mit ihrer Hilfe merkt sich die Website die Vorlieben und Erfahrungen des Einzelnen, was Zeit spart und das Surfen im Internet effektiver und angenehmer macht.<\/p>\n\n\n\n<p><strong>Warum verwenden Websites Cookies?<\/strong><\/p>\n\n\n\n<p>Cookies werden auf Websites verwendet, um frische und angemessene Inhalte zu pflegen, die den Interessen und Pr\u00e4ferenzen eines bestimmten Web-Benutzers entsprechen. Die Gr\u00fcnde f\u00fcr die Verwendung von Cookies sind mehr als nur die M\u00f6glichkeit, Informationen \u00fcber den Status einer bestimmten Website zu speichern (Details der Anpassung einer bestimmten Website), Hilfe bei der Implementierung verschiedener Online-Dienste (Online-Shops), Hilfe bei der Erhebung verschiedener Statistiken, \u00fcber die Gewohnheiten des Web-Benutzers &#8211; da es nur m\u00f6glich ist, die H\u00e4ufigkeit des Besuchs einer bestimmten Website zu \u00fcberwachen.<\/p>\n\n\n\n<p>Durch die Verwendung von Cookies k\u00f6nnen Unternehmen die Effektivit\u00e4t ihres Website-Designs sowie die Relevanz der Art und Anzahl der Anzeigen, die sie den Nutzern auf ihren Websites anbieten, bewerten.<\/p>\n\n\n\n<p><strong>Cookies deaktivieren:<\/strong><\/p>\n\n\n\n<p>Sie entscheiden selbst, ob Sie das Speichern von Cookies auf Ihrem Computer zulassen m\u00f6chten oder nicht. Sie k\u00f6nnen die Cookie-Einstellungen \u00fcber die Einstellungen des Webbrowsers steuern und \u00e4ndern. Um Informationen zu den Cookie-Einstellungen zu erhalten, w\u00e4hlen Sie den von Ihnen verwendeten Webbrowser aus.&nbsp;<\/p>\n\n\n\n<figure class=\"wp-block-table\"><table><tbody><tr><td><a href=\"http:\/\/windows.microsoft.com\/sl-si\/windows-vista\/block-or-allow-cookies\" target=\"_blank\" rel=\"noreferrer noopener\">Internet explorer<\/a><\/td><td><a href=\"https:\/\/support.mozilla.org\/sl\/kb\/Kako%20aktivirate%20in%20deaktivirate%20pi%C5%A1kote\" target=\"_blank\" rel=\"noreferrer noopener\">Mozilla Firefox<\/a><\/td><td><a href=\"https:\/\/support.google.com\/chrome\/answer\/95647?hl=sl-sl&amp;p=cpn_cookies\" target=\"_blank\" rel=\"noreferrer noopener\">Chrome<\/a><\/td><td><a href=\"http:\/\/www.opera.com\/help\/tutorials\/security\/privacy\/\" target=\"_blank\" rel=\"noreferrer noopener\">Opera<\/a><\/td><td><a href=\"https:\/\/support.apple.com\/kb\/PH11920\" target=\"_blank\" rel=\"noreferrer noopener\">Safari<\/a><\/td><\/tr><\/tbody><\/table><\/figure>\n\n\n\n<p><strong>Funktionieren alle Cookies auf die gleiche Weise?<\/strong><strong><\/strong><\/p>\n\n\n\n<p>Nein! Es gibt verschiedene Arten von Cookies, die unterschiedliche Zwecke haben. Cookies variieren je nach Funktion, Dauer und Client, den sie installieren.<\/p>\n\n\n\n<p>Wenn Sie Cookies deaktivieren, k\u00f6nnen einige der Webseitenoptionen deaktiviert sein. Selbst wenn Sie alle Cookies deaktivieren, erh\u00e4lt der Webbrowser noch einige Informationen. Diese Informationen sind f\u00fcr den grundlegenden Betrieb unserer Website erforderlich.<\/p>\n\n\n\n<p>Diese Website verwendet die folgenden Arten von Cookies:<\/p>\n\n\n\n<p><\/p>\n\n\n\n<table class=\"cookies wide-fat\"><thead><tr><td>Cookie Name<\/td><td>Cookie Category<\/td><td>Description<\/td><td>Duration<\/td><\/tr><\/thead><tr><td>wp-wpml_current_language<\/td><td>unknown<\/td><td>unknown<\/td><td>&nbsp;<\/td><\/tr><tr><td>wordpress_<\/td><td>2<\/td><td>WordPress cookie for a logged in user.<\/td><td>session<\/td><\/tr><tr><td>wordpress_logged_in_<\/td><td>2<\/td><td>WordPress cookie for a logged in user<\/td><td>session<\/td><\/tr><tr><td>wordpress_test_<\/td><td>2<\/td><td>WordPress cookie for a logged in user<\/td><td>session<\/td><\/tr><tr><td>wordpress_test_cookie<\/td><td>2<\/td><td>WordPress test cookie<\/td><td>session<\/td><\/tr><tr><td>wp-settings-<\/td><td>1<\/td><td>Wordpress also sets a few wp-settings-[UID] cookies.\nThe number on the end is your individual user ID from the users database table. \nThis is used to customize your view of admin interface, and possibly also the main site interface. \n<\/td><td>1 year<\/td><\/tr><tr><td>wp-settings-time-<\/td><td>2<\/td><td>Wordpress also sets a few wp-settings-{time}-[UID] cookies. The number on the end is your individual user ID from the users database table. This is used to customize your view of admin interface, and possibly also the main site interface.\n<\/td><td>1 year<\/td><\/tr><tr><td>PHPSESSID<\/td><td>1<\/td><td>To identify your unique session on the website<\/td><td>session<\/td><\/tr><tr><td>SESS<\/td><td>1<\/td><td>To ensure that you are recognised when you move from page to page within the site and that any information you have entered is remembered.<\/td><td>session<\/td><\/tr><\/table>\n","protected":false},"excerpt":{"rendered":"<p>Was sind Cookies? Cookies sind kleine Textdateien, die uns dar\u00fcber informieren, wie oft ein Besucher unsere Website besucht und was ihn an diesen Besuchen interessiert. Cookies enthalten selbst keine Daten. Sie haben jederzeit die M\u00f6glichkeit, Cookies zu akzeptieren oder abzulehnen. Ihre Speicherung erfolgt unter der vollst\u00e4ndigen Kontrolle des vom Nutzer verwendeten Browsers. Cookies sind kleine [&hellip;]<\/p>\n","protected":false},"author":1,"featured_media":0,"parent":0,"menu_order":0,"comment_status":"closed","ping_status":"closed","template":"","meta":{"_acf_changed":false,"footnotes":""},"class_list":["post-3829","page","type-page","status-publish","hentry"],"acf":[],"_links":{"self":[{"href":"https:\/\/protherm.webis.si\/de\/wp-json\/wp\/v2\/pages\/3829","targetHints":{"allow":["GET"]}}],"collection":[{"href":"https:\/\/protherm.webis.si\/de\/wp-json\/wp\/v2\/pages"}],"about":[{"href":"https:\/\/protherm.webis.si\/de\/wp-json\/wp\/v2\/types\/page"}],"author":[{"embeddable":true,"href":"https:\/\/protherm.webis.si\/de\/wp-json\/wp\/v2\/users\/1"}],"replies":[{"embeddable":true,"href":"https:\/\/protherm.webis.si\/de\/wp-json\/wp\/v2\/comments?post=3829"}],"version-history":[{"count":5,"href":"https:\/\/protherm.webis.si\/de\/wp-json\/wp\/v2\/pages\/3829\/revisions"}],"predecessor-version":[{"id":5872,"href":"https:\/\/protherm.webis.si\/de\/wp-json\/wp\/v2\/pages\/3829\/revisions\/5872"}],"wp:attachment":[{"href":"https:\/\/protherm.webis.si\/de\/wp-json\/wp\/v2\/media?parent=3829"}],"curies":[{"name":"wp","href":"https:\/\/api.w.org\/{rel}","templated":true}]}}